{"id":9,"date":"2018-10-02T15:38:02","date_gmt":"2018-10-02T13:38:02","guid":{"rendered":"http:\/\/www.vielfalt.biz\/?page_id=8"},"modified":"2026-04-22T18:04:14","modified_gmt":"2026-04-22T18:04:14","slug":"willkommen","status":"publish","type":"page","link":"https:\/\/www.vielfalt.biz\/","title":{"rendered":"Willkommen"},"content":{"rendered":"<p>&nbsp;<\/p>\n<h1 style=\"text-align: center;\">\u2022 Musikstudio Vielfalt \u2022<\/h1>\n<h1 style=\"text-align: center;\">____________________________________<\/h1>\n<h2 style=\"text-align: center;\"><strong>MEMBER OF<\/strong><\/h2>\n<p style=\"text-align: center;\" align=\"center\"><a id=\"set-post-thumbnail\" class=\"thickbox\" href=\"https:\/\/www.vielfalt.biz\/wp-admin\/media-upload.php?post_id=9&amp;type=image&amp;TB_iframe=1\" aria-describedby=\"set-post-thumbnail-desc\"><img loading=\"lazy\" decoding=\"async\" class=\"attachment-266x266 \" src=\"https:\/\/www.vielfalt.biz\/wp-content\/uploads\/2026\/02\/global-groove-orchestra-300x300.png\" sizes=\"auto, (max-width: 266px) 100vw, 266px\" srcset=\"https:\/\/www.vielfalt.biz\/wp-content\/uploads\/2026\/02\/global-groove-orchestra-300x300.png 300w, https:\/\/www.vielfalt.biz\/wp-content\/uploads\/2026\/02\/global-groove-orchestra-150x150.png 150w, https:\/\/www.vielfalt.biz\/wp-content\/uploads\/2026\/02\/global-groove-orchestra.png 324w\" alt=\"\" width=\"415\" height=\"415\" \/><\/a><br \/>\nDie kommenden Auftritte des GGO:<\/p>\n<p style=\"text-align: center;\" align=\"center\"><strong>Umsonst &amp; Drau\u00dfen<\/strong>, 19. Juni, 23.00 Uhr, Festival W\u00fcrzburg, Openair-Konzert,\u00a0Drau\u00dfen-B\u00fchne,\u00a0Talavera<\/p>\n<p style=\"text-align: center;\" align=\"center\"><strong>GGO-Sommerkonzert<\/strong> am 17. Juli, 19.30 Uhr, Gro\u00dfer Saal der Hochschule f\u00fcr Musik W\u00fcrzburg, Hofstallstr. 6-8<\/p>\n<p style=\"text-align: center;\" align=\"center\"><strong>AUB\u00b4N AIR<\/strong>, 19. Juli, nachmittags, Openair-Konzert, Aub<\/p>\n<h4 style=\"padding-left: 30px;\"><\/h4>\n<hr \/>\n<h5 style=\"text-align: center;\"><strong>\u00a0<\/strong><\/h5>\n<p style=\"text-align: center;\">Wir bieten Ihnen<strong> Einzel- und Gruppenunterricht<\/strong> an in den F\u00e4chern<\/p>\n<p style=\"text-align: center;\"><strong>&#8211; Querfl\u00f6te<\/strong><\/p>\n<p style=\"text-align: center;\"><strong>&#8211; Blockfl\u00f6te <\/strong><strong>\u00a0<\/strong><\/p>\n<p style=\"text-align: center;\"><strong>&#8211; Folkloregruppe<\/strong><\/p>\n<p style=\"text-align: center;\"><strong>&#8211; Klassikgruppe<\/strong><\/p>\n<p style=\"text-align: center;\">Musikalische Fr\u00fcherziehung bei Ihnen vor Ort<\/p>\n<p style=\"text-align: center;\">Kontakt\/Infos unter:<\/p>\n<h4 style=\"text-align: center;\"><strong><span style=\"color: #000000;\">Musikstudio Vielfalt, Waldkugelweg 15, 97082 W\u00fcrzburg<br \/>\nmail@vielfalt.biz<\/span><\/strong><\/h4>\n<p>&nbsp;<\/p>\n<h2 style=\"text-align: center;\"><strong>Seniorenwochen 2026<\/strong><\/h2>\n<h2 style=\"text-align: center;\"><strong>Neugr\u00fcndung einer Musikgruppe<\/strong><\/h2>\n<h2 style=\"text-align: center;\">Dienstag, 5. Mai, 13.30 \u2013 14.30 Uhr<\/h2>\n<h2 style=\"text-align: center;\">Anmeldung erbeten bis zum 30. April<\/h2>\n<h2 style=\"text-align: center;\"><\/h2>\n<p style=\"text-align: center;\">Mein Name ist <a href=\"https:\/\/www.vielfalt.biz\/index.php\/qualifikation\/\">Ellen Svoboda<\/a> und ich bin staatlich gepr\u00fcfte Musiklehrerin.<br \/>\nSch\u00fcler fast jeden Alters erhalten bei mir professionellen Unterricht, konstruktiv und kompetent.<br \/>\nDabei ber\u00fccksichtige ich gerne Ihre musikalischen Vorlieben und erm\u00f6gliche Ihnen Ihr individuell gew\u00fcnschtes Lerntempo.<\/p>\n<p style=\"text-align: center;\">Fortgeschrittene Musiker erhalten von mir die erforderliche Unterst\u00fctzung bei der Auffrischung ihrer Fertigkeiten, besonders nach einer langen Pause.<\/p>\n","protected":false},"excerpt":{"rendered":"<p>&nbsp; \u2022 Musikstudio Vielfalt \u2022 ____________________________________ MEMBER OF Die kommenden Auftritte des GGO: Umsonst &amp; Drau\u00dfen, 19. Juni, 23.00 Uhr, Festival W\u00fcrzburg, Openair-Konzert,\u00a0Drau\u00dfen-B\u00fchne,\u00a0Talavera GGO-Sommerkonzert am 17. Juli, 19.30 Uhr, Gro\u00dfer Saal der Hochschule f\u00fcr Musik W\u00fcrzburg, Hofstallstr. 6-8 AUB\u00b4N AIR, 19. Juli, nachmittags, Openair-Konzert, Aub \u00a0 Wir bieten Ihnen Einzel- und Gruppenunterricht an in den [&hellip;]<\/p>\n","protected":false},"author":2,"featured_media":0,"parent":0,"menu_order":0,"comment_status":"closed","ping_status":"closed","template":"","meta":{"footnotes":""},"class_list":["post-9","page","type-page","status-publish","hentry"],"_links":{"self":[{"href":"https:\/\/www.vielfalt.biz\/index.php\/wp-json\/wp\/v2\/pages\/9","targetHints":{"allow":["GET"]}}],"collection":[{"href":"https:\/\/www.vielfalt.biz\/index.php\/wp-json\/wp\/v2\/pages"}],"about":[{"href":"https:\/\/www.vielfalt.biz\/index.php\/wp-json\/wp\/v2\/types\/page"}],"author":[{"embeddable":true,"href":"https:\/\/www.vielfalt.biz\/index.php\/wp-json\/wp\/v2\/users\/2"}],"replies":[{"embeddable":true,"href":"https:\/\/www.vielfalt.biz\/index.php\/wp-json\/wp\/v2\/comments?post=9"}],"version-history":[{"count":33,"href":"https:\/\/www.vielfalt.biz\/index.php\/wp-json\/wp\/v2\/pages\/9\/revisions"}],"predecessor-version":[{"id":643,"href":"https:\/\/www.vielfalt.biz\/index.php\/wp-json\/wp\/v2\/pages\/9\/revisions\/643"}],"wp:attachment":[{"href":"https:\/\/www.vielfalt.biz\/index.php\/wp-json\/wp\/v2\/media?parent=9"}],"curies":[{"name":"wp","href":"https:\/\/api.w.org\/{rel}","templated":true}]}}