{"id":39,"date":"2018-10-03T15:57:56","date_gmt":"2018-10-03T13:57:56","guid":{"rendered":"http:\/\/www.vielfalt.biz\/?page_id=39"},"modified":"2024-06-16T07:33:38","modified_gmt":"2024-06-16T07:33:38","slug":"musikstudio","status":"publish","type":"page","link":"https:\/\/www.vielfalt.biz\/index.php\/musikstudio\/","title":{"rendered":"Musikstudio"},"content":{"rendered":"<p style=\"text-align: center;\">Unser breit gef\u00e4chertes Angebot richtet sich an Kinder, Jugendliche, Erwachsene, Anf\u00e4nger und Wiedereinsteiger<br \/>\nWir bietet Einzel- und Gruppenunterricht in Querfl\u00f6te, Blockfl\u00f6te, E-Piano, Gitarre und Trommeln an<\/p>\n","protected":false},"excerpt":{"rendered":"<p>Unser breit gef\u00e4chertes Angebot richtet sich an Kinder, Jugendliche, Erwachsene, Anf\u00e4nger und Wiedereinsteiger Wir bietet Einzel- und Gruppenunterricht in Querfl\u00f6te, Blockfl\u00f6te, E-Piano, Gitarre und Trommeln an<\/p>\n","protected":false},"author":2,"featured_media":0,"parent":0,"menu_order":0,"comment_status":"closed","ping_status":"closed","template":"","meta":{"footnotes":""},"class_list":["post-39","page","type-page","status-publish","hentry"],"_links":{"self":[{"href":"https:\/\/www.vielfalt.biz\/index.php\/wp-json\/wp\/v2\/pages\/39","targetHints":{"allow":["GET"]}}],"collection":[{"href":"https:\/\/www.vielfalt.biz\/index.php\/wp-json\/wp\/v2\/pages"}],"about":[{"href":"https:\/\/www.vielfalt.biz\/index.php\/wp-json\/wp\/v2\/types\/page"}],"author":[{"embeddable":true,"href":"https:\/\/www.vielfalt.biz\/index.php\/wp-json\/wp\/v2\/users\/2"}],"replies":[{"embeddable":true,"href":"https:\/\/www.vielfalt.biz\/index.php\/wp-json\/wp\/v2\/comments?post=39"}],"version-history":[{"count":4,"href":"https:\/\/www.vielfalt.biz\/index.php\/wp-json\/wp\/v2\/pages\/39\/revisions"}],"predecessor-version":[{"id":575,"href":"https:\/\/www.vielfalt.biz\/index.php\/wp-json\/wp\/v2\/pages\/39\/revisions\/575"}],"wp:attachment":[{"href":"https:\/\/www.vielfalt.biz\/index.php\/wp-json\/wp\/v2\/media?parent=39"}],"curies":[{"name":"wp","href":"https:\/\/api.w.org\/{rel}","templated":true}]}}