{"id":140,"date":"2018-10-16T14:03:17","date_gmt":"2018-10-16T12:03:17","guid":{"rendered":"http:\/\/www.vielfalt.biz\/?page_id=140"},"modified":"2018-10-16T14:03:17","modified_gmt":"2018-10-16T12:03:17","slug":"links","status":"publish","type":"page","link":"https:\/\/www.vielfalt.biz\/index.php\/kundendienst\/links\/","title":{"rendered":"Links"},"content":{"rendered":"<p>F\u00fcr alle, die sich gern im Netz informieren, diese Seiten \/ Newsletter \u00fcberraschen immer wieder beim St\u00f6bern:<\/p>\n<p>Claudias Flutepage<br \/>\nViele Informationen rund um die Querfl\u00f6te.<br \/>\n<a href=\"http:\/\/www.flutepage.de\/\" target=\"_blank\" rel=\"noopener noreferrer\">\u00bb www.flutepage.de\/<\/a><\/p>\n<p>Windkanal<br \/>\nDas Forum f\u00fcr die Blockfl\u00f6te<br \/>\n<a href=\"http:\/\/www.windkanal.de\" target=\"_blank\" rel=\"noopener noreferrer\">\u00bb www.windkanal.de\/<\/a><\/p>\n<p>Newsletter vom Musikl\u00e4dle Schunder<br \/>\nRegelm\u00e4\u00dfige Informationen zu Neuerscheinungen, Neuem aus der Musikwelt, Kursen &#8230;<br \/>\n<a href=\"https:\/\/www.musiklaedle.de\/newsletter\" target=\"_blank\" rel=\"noopener noreferrer\">\u00bb www.schunder.de\/<\/a><\/p>\n","protected":false},"excerpt":{"rendered":"<p>F\u00fcr alle, die sich gern im Netz informieren, diese Seiten \/ Newsletter \u00fcberraschen immer wieder beim St\u00f6bern: Claudias Flutepage Viele Informationen rund um die Querfl\u00f6te. \u00bb www.flutepage.de\/ Windkanal Das Forum f\u00fcr die Blockfl\u00f6te \u00bb www.windkanal.de\/ Newsletter vom Musikl\u00e4dle Schunder Regelm\u00e4\u00dfige Informationen zu Neuerscheinungen, Neuem aus der Musikwelt, Kursen &#8230; \u00bb www.schunder.de\/<\/p>\n","protected":false},"author":2,"featured_media":0,"parent":33,"menu_order":0,"comment_status":"closed","ping_status":"closed","template":"","meta":{"footnotes":""},"class_list":["post-140","page","type-page","status-publish","hentry"],"_links":{"self":[{"href":"https:\/\/www.vielfalt.biz\/index.php\/wp-json\/wp\/v2\/pages\/140","targetHints":{"allow":["GET"]}}],"collection":[{"href":"https:\/\/www.vielfalt.biz\/index.php\/wp-json\/wp\/v2\/pages"}],"about":[{"href":"https:\/\/www.vielfalt.biz\/index.php\/wp-json\/wp\/v2\/types\/page"}],"author":[{"embeddable":true,"href":"https:\/\/www.vielfalt.biz\/index.php\/wp-json\/wp\/v2\/users\/2"}],"replies":[{"embeddable":true,"href":"https:\/\/www.vielfalt.biz\/index.php\/wp-json\/wp\/v2\/comments?post=140"}],"version-history":[{"count":0,"href":"https:\/\/www.vielfalt.biz\/index.php\/wp-json\/wp\/v2\/pages\/140\/revisions"}],"up":[{"embeddable":true,"href":"https:\/\/www.vielfalt.biz\/index.php\/wp-json\/wp\/v2\/pages\/33"}],"wp:attachment":[{"href":"https:\/\/www.vielfalt.biz\/index.php\/wp-json\/wp\/v2\/media?parent=140"}],"curies":[{"name":"wp","href":"https:\/\/api.w.org\/{rel}","templated":true}]}}