{"id":138,"date":"2018-10-16T14:02:47","date_gmt":"2018-10-16T12:02:47","guid":{"rendered":"http:\/\/www.vielfalt.biz\/?page_id=138"},"modified":"2018-10-16T14:02:47","modified_gmt":"2018-10-16T12:02:47","slug":"fortlaufende-betreuung","status":"publish","type":"page","link":"https:\/\/www.vielfalt.biz\/index.php\/kundendienst\/fortlaufende-betreuung\/","title":{"rendered":"Fortlaufende Betreuung"},"content":{"rendered":"<p>Noten aller Epochen und von \u00fcberall her<br \/>\nDie Lieblingsmusik bringt viel Spa\u00df, deshalb lernen und spielen alle Musiker im Musikstudio Vielfalt von Anfang an genau das, was sie interessiert, zum Beispiel:<\/p>\n<p>Mittelalter<br \/>\nRenaissance<br \/>\nBarock<br \/>\nKlassik<br \/>\nRomantik<br \/>\nModerne<br \/>\nInternationale Folklore<br \/>\nPop, Rock, Jazz<br \/>\nModerne Spieltechniken<\/p>\n<p>Sie kennen sich da noch nicht aus?<br \/>\nMacht nichts, spielen Sie sich einfach durch die Musikgeschichte der letzten tausend Jahre und entdecken dabei, was es alles gibt.<\/p>\n<p>Hohes Lerntempo auf Wunsch<br \/>\nSobald Sie Ihr Lerntempo an Ihre jeweiligen Bed\u00fcrfnisse anpassen, versetzen Sie sich damit in den so genannten \u201eFlow\u201c: Sie vermeiden \u00dcberforderung und Langeweile. Im \u201egr\u00fcnen Bereich\u201c dazwischen lernt es sich am leichtesten, sagt die Wissenschaft. Diese Vorgehensweise f\u00fchrt zu \u00fcberdurchschnittlichen Erfolgen, steigert Ihre Motivation und spart Ihr Geld, weil Sie Ihre Ziele schneller erreichen.<\/p>\n<p>Konzerte zum Mitspielen<br \/>\nWer gern auftritt, erh\u00e4lt Gelegenheit dazu, alle d\u00fcrfen \u2013 keiner muss. Im Vorfeld jeder Veranstaltung werden die Sch\u00fcler je nach ihren aktuellen musikalischen F\u00e4higkeiten zur Mitwirkung eingeladen.<\/p>\n<p>Sehen Sie dazu auch die Liste der <a href=\"http:\/\/www.vielfalt.biz\/auftritte\/\" target=\"_blank\" rel=\"noopener noreferrer\">Auftritte<\/a>.<\/p>\n<p>Konzerte zum Anh\u00f6ren<br \/>\nSie werden rechtzeitig \u00fcber interessante Konzerte in W\u00fcrzburg informiert.<\/p>\n<p>Wer anderen K\u00fcnstlern zuh\u00f6rt und zusieht, lernt dabei viel f\u00fcr das eigene Hobby und kommt auf neue Ideen. Ihre musikalische Pers\u00f6nlichkeit entwickelt sich durch Konzertbesuche mehr als durch alles andere.<\/p>\n","protected":false},"excerpt":{"rendered":"<p>Noten aller Epochen und von \u00fcberall her Die Lieblingsmusik bringt viel Spa\u00df, deshalb lernen und spielen alle Musiker im Musikstudio Vielfalt von Anfang an genau das, was sie interessiert, zum Beispiel: Mittelalter Renaissance Barock Klassik Romantik Moderne Internationale Folklore Pop, Rock, Jazz Moderne Spieltechniken Sie kennen sich da noch nicht aus? Macht nichts, spielen Sie [&hellip;]<\/p>\n","protected":false},"author":2,"featured_media":0,"parent":33,"menu_order":0,"comment_status":"closed","ping_status":"closed","template":"","meta":{"footnotes":""},"class_list":["post-138","page","type-page","status-publish","hentry"],"_links":{"self":[{"href":"https:\/\/www.vielfalt.biz\/index.php\/wp-json\/wp\/v2\/pages\/138","targetHints":{"allow":["GET"]}}],"collection":[{"href":"https:\/\/www.vielfalt.biz\/index.php\/wp-json\/wp\/v2\/pages"}],"about":[{"href":"https:\/\/www.vielfalt.biz\/index.php\/wp-json\/wp\/v2\/types\/page"}],"author":[{"embeddable":true,"href":"https:\/\/www.vielfalt.biz\/index.php\/wp-json\/wp\/v2\/users\/2"}],"replies":[{"embeddable":true,"href":"https:\/\/www.vielfalt.biz\/index.php\/wp-json\/wp\/v2\/comments?post=138"}],"version-history":[{"count":0,"href":"https:\/\/www.vielfalt.biz\/index.php\/wp-json\/wp\/v2\/pages\/138\/revisions"}],"up":[{"embeddable":true,"href":"https:\/\/www.vielfalt.biz\/index.php\/wp-json\/wp\/v2\/pages\/33"}],"wp:attachment":[{"href":"https:\/\/www.vielfalt.biz\/index.php\/wp-json\/wp\/v2\/media?parent=138"}],"curies":[{"name":"wp","href":"https:\/\/api.w.org\/{rel}","templated":true}]}}