{"id":136,"date":"2018-10-16T14:02:19","date_gmt":"2018-10-16T12:02:19","guid":{"rendered":"http:\/\/www.vielfalt.biz\/?page_id=136"},"modified":"2018-10-16T14:02:19","modified_gmt":"2018-10-16T12:02:19","slug":"instrumente","status":"publish","type":"page","link":"https:\/\/www.vielfalt.biz\/index.php\/kundendienst\/instrumente\/","title":{"rendered":"Instrumente"},"content":{"rendered":"<p>Leihinstrumente<br \/>\nSie w\u00fcrden gern in Ruhe einige Tage oder Wochen zuhause ausprobieren, ob Ihnen ein bestimmtes Instrument zusagt und erst danach eine Kaufentscheidung treffen? Fragen Sie einfach nach der momentanen Verf\u00fcgbarkeit von Leihinstrumenten f\u00fcr Kinder und Erwachsene.<\/p>\n<p>Vermittlung von gebrauchten Instrumenten \u2026<br \/>\nSie w\u00fcrden gern Instrumente und Musikalien an interessierte Musiker abgeben?<br \/>\nSie suchen ein gebrauchtes Instrument oder Zubeh\u00f6r?<br \/>\nLassen Sie Andere von Ihrem Wunsch wissen!<br \/>\nIn der Vergangenheit konnten schon h\u00e4ufig Interessenten vermittelt werden.<\/p>\n<p>Betreuung bei Reparaturen<br \/>\nWenn ein Schaden sich nicht im Unterricht beheben l\u00e4sst, empfiehlt sich die Stellungnahme einer Fachwerkstatt. Sollte die Herstellergarantie bereits abgelaufen sein, besprechen wir zusammen die weiteren Schritte.<\/p>\n<p>Zur \u00dcberbr\u00fcckung der Reparaturphase erhalten Sie nach M\u00f6glichkeit ein Leihinstrument.<\/p>\n","protected":false},"excerpt":{"rendered":"<p>Leihinstrumente Sie w\u00fcrden gern in Ruhe einige Tage oder Wochen zuhause ausprobieren, ob Ihnen ein bestimmtes Instrument zusagt und erst danach eine Kaufentscheidung treffen? Fragen Sie einfach nach der momentanen Verf\u00fcgbarkeit von Leihinstrumenten f\u00fcr Kinder und Erwachsene. Vermittlung von gebrauchten Instrumenten \u2026 Sie w\u00fcrden gern Instrumente und Musikalien an interessierte Musiker abgeben? Sie suchen ein [&hellip;]<\/p>\n","protected":false},"author":2,"featured_media":0,"parent":33,"menu_order":0,"comment_status":"closed","ping_status":"closed","template":"","meta":{"footnotes":""},"class_list":["post-136","page","type-page","status-publish","hentry"],"_links":{"self":[{"href":"https:\/\/www.vielfalt.biz\/index.php\/wp-json\/wp\/v2\/pages\/136","targetHints":{"allow":["GET"]}}],"collection":[{"href":"https:\/\/www.vielfalt.biz\/index.php\/wp-json\/wp\/v2\/pages"}],"about":[{"href":"https:\/\/www.vielfalt.biz\/index.php\/wp-json\/wp\/v2\/types\/page"}],"author":[{"embeddable":true,"href":"https:\/\/www.vielfalt.biz\/index.php\/wp-json\/wp\/v2\/users\/2"}],"replies":[{"embeddable":true,"href":"https:\/\/www.vielfalt.biz\/index.php\/wp-json\/wp\/v2\/comments?post=136"}],"version-history":[{"count":0,"href":"https:\/\/www.vielfalt.biz\/index.php\/wp-json\/wp\/v2\/pages\/136\/revisions"}],"up":[{"embeddable":true,"href":"https:\/\/www.vielfalt.biz\/index.php\/wp-json\/wp\/v2\/pages\/33"}],"wp:attachment":[{"href":"https:\/\/www.vielfalt.biz\/index.php\/wp-json\/wp\/v2\/media?parent=136"}],"curies":[{"name":"wp","href":"https:\/\/api.w.org\/{rel}","templated":true}]}}