{"id":134,"date":"2018-10-16T14:01:26","date_gmt":"2018-10-16T12:01:26","guid":{"rendered":"http:\/\/www.vielfalt.biz\/?page_id=134"},"modified":"2018-10-16T14:01:26","modified_gmt":"2018-10-16T12:01:26","slug":"beratung-fuer-neueinsteiger","status":"publish","type":"page","link":"https:\/\/www.vielfalt.biz\/index.php\/kundendienst\/beratung-fuer-neueinsteiger\/","title":{"rendered":"Beratung f\u00fcr Neueinsteiger"},"content":{"rendered":"<p>Bitte lassen Sie sich \u00fcberraschen, wie viele Instrumente f\u00fcr einen Anf\u00e4nger tats\u00e4chlich in Frage kommen. Es gibt Alternativen zur Sopranblockfl\u00f6te f\u00fcr alle diejenigen, welche sich von anderen Kl\u00e4ngen st\u00e4rker angezogen f\u00fchlen.<\/p>\n<p>Ihren musikalischen Erfolg bestimmen Sie in gro\u00dfem Ma\u00dfe durch die Auswahl des f\u00fcr Sie passenden Instruments. Die Unterschiede liegen in Gr\u00f6\u00dfe, Handhabung, Material, Klang, Ausstattung, Einsatzzweck und Stabilit\u00e4t.<\/p>\n<p>Eine unverbindliche Beratung erleichtert Ihnen sp\u00e4ter die Kaufentscheidung beim H\u00e4ndler Ihrer Wahl. Aussagen wie: \u201eDieses Modell wird oft genommen\u201c bleiben leider an der Oberfl\u00e4che. Zu gro\u00df sind die anatomischen Unterschiede und pers\u00f6nlichen musikalischen Vorlieben von Mensch zu Mensch. Eine besondere Beachtung ben\u00f6tigen beispielsweise Zahnspangen und Bewegungseinschr\u00e4nkungen.<\/p>\n<p>Sehr oft verbesserte sich das Spiel meiner Sch\u00fcler sprunghaft, sobald sie auf ein geeignetes Modell umstiegen. Das ist zum Gl\u00fcck keine Frage des Anschaffungspreises.<\/p>\n<p>Profitieren Sie von meiner langj\u00e4hrigen Erfahrung &#8211; von Anfang an.<\/p>\n<p>Sie w\u00fcssten gern, welche Musikinstrumente Ihr Kind oder Sie erfolgreich erlernen k\u00f6nnten? Sie befinden sich (fast schon) im Ruhestand und w\u00fcssten gern, welche Musikinstrumente Sie in Ihrem Alter erfolgreich erlernen \/ wieder auffrischen k\u00f6nnten?<\/p>\n<p>Wenn Sie oder Ihr Kind Interesse haben, kontaktieren Sie uns \u00fcber das Kontaktformular auf unserer Webseite oder per E-Mail an <a href=\"mailto:mail@vielfalt.biz\">mail@vielfalt.biz<\/a>.<\/p>\n<p>&nbsp;<\/p>\n","protected":false},"excerpt":{"rendered":"<p>Bitte lassen Sie sich \u00fcberraschen, wie viele Instrumente f\u00fcr einen Anf\u00e4nger tats\u00e4chlich in Frage kommen. Es gibt Alternativen zur Sopranblockfl\u00f6te f\u00fcr alle diejenigen, welche sich von anderen Kl\u00e4ngen st\u00e4rker angezogen f\u00fchlen. Ihren musikalischen Erfolg bestimmen Sie in gro\u00dfem Ma\u00dfe durch die Auswahl des f\u00fcr Sie passenden Instruments. Die Unterschiede liegen in Gr\u00f6\u00dfe, Handhabung, Material, Klang, [&hellip;]<\/p>\n","protected":false},"author":2,"featured_media":0,"parent":33,"menu_order":0,"comment_status":"closed","ping_status":"closed","template":"","meta":{"footnotes":""},"class_list":["post-134","page","type-page","status-publish","hentry"],"_links":{"self":[{"href":"https:\/\/www.vielfalt.biz\/index.php\/wp-json\/wp\/v2\/pages\/134","targetHints":{"allow":["GET"]}}],"collection":[{"href":"https:\/\/www.vielfalt.biz\/index.php\/wp-json\/wp\/v2\/pages"}],"about":[{"href":"https:\/\/www.vielfalt.biz\/index.php\/wp-json\/wp\/v2\/types\/page"}],"author":[{"embeddable":true,"href":"https:\/\/www.vielfalt.biz\/index.php\/wp-json\/wp\/v2\/users\/2"}],"replies":[{"embeddable":true,"href":"https:\/\/www.vielfalt.biz\/index.php\/wp-json\/wp\/v2\/comments?post=134"}],"version-history":[{"count":0,"href":"https:\/\/www.vielfalt.biz\/index.php\/wp-json\/wp\/v2\/pages\/134\/revisions"}],"up":[{"embeddable":true,"href":"https:\/\/www.vielfalt.biz\/index.php\/wp-json\/wp\/v2\/pages\/33"}],"wp:attachment":[{"href":"https:\/\/www.vielfalt.biz\/index.php\/wp-json\/wp\/v2\/media?parent=134"}],"curies":[{"name":"wp","href":"https:\/\/api.w.org\/{rel}","templated":true}]}}