{"id":120,"date":"2018-10-16T13:58:37","date_gmt":"2018-10-16T11:58:37","guid":{"rendered":"http:\/\/www.vielfalt.biz\/?page_id=120"},"modified":"2018-10-16T13:58:37","modified_gmt":"2018-10-16T11:58:37","slug":"zielgruppe","status":"publish","type":"page","link":"https:\/\/www.vielfalt.biz\/index.php\/zielgruppe\/","title":{"rendered":"Zielgruppe"},"content":{"rendered":"<h1 class=\"ce_headline\" style=\"margin: 0px 0px 15px; font-weight: normal; color: #0071bb; font-size: 26px; font-family: Georgia, Times, serif; line-height: 39px;\"><\/h1>\n<div class=\"ce_text block\" style=\"overflow: hidden; color: #565656; font-family: Helvetica, 'Helvetica Neue', Arial, sans-serif; font-size: 14px;\">\n<p style=\"margin: 0px 0px 10px;\">Anf\u00e4nger nahezu jeden Alters sind willkommen:<\/p>\n<ul style=\"margin: 0px 0px 10px; padding: 0px 0px 0px 25px;\">\n<li style=\"margin: 0px; padding: 0px; list-style: disc;\">Schulkinder<\/li>\n<li style=\"margin: 0px; padding: 0px; list-style: disc;\">Jugendliche &#8211; auch mit Zahnspange<\/li>\n<li style=\"margin: 0px; padding: 0px; list-style: disc;\">Erwachsene &#8211; auch mit Lebenserfahrung und\/oder Bewegungseinschr\u00e4nkungen *<\/li>\n<\/ul>\n<p style=\"margin: 0px 0px 10px;\">Wiedereinsteiger, Fortgeschrittene und Pr\u00fcfungskandidaten sind mir herzlich willkommen und d\u00fcrfen sich auf einen Unterricht freuen, der sich an den individuellen Bed\u00fcrfnissen und W\u00fcnschen ausrichtet.<\/p>\n<\/div>\n","protected":false},"excerpt":{"rendered":"<p>Anf\u00e4nger nahezu jeden Alters sind willkommen: Schulkinder Jugendliche &#8211; auch mit Zahnspange Erwachsene &#8211; auch mit Lebenserfahrung und\/oder Bewegungseinschr\u00e4nkungen * Wiedereinsteiger, Fortgeschrittene und Pr\u00fcfungskandidaten sind mir herzlich willkommen und d\u00fcrfen sich auf einen Unterricht freuen, der sich an den individuellen Bed\u00fcrfnissen und W\u00fcnschen ausrichtet.<\/p>\n","protected":false},"author":2,"featured_media":0,"parent":0,"menu_order":0,"comment_status":"closed","ping_status":"closed","template":"","meta":{"footnotes":""},"class_list":["post-120","page","type-page","status-publish","hentry"],"_links":{"self":[{"href":"https:\/\/www.vielfalt.biz\/index.php\/wp-json\/wp\/v2\/pages\/120","targetHints":{"allow":["GET"]}}],"collection":[{"href":"https:\/\/www.vielfalt.biz\/index.php\/wp-json\/wp\/v2\/pages"}],"about":[{"href":"https:\/\/www.vielfalt.biz\/index.php\/wp-json\/wp\/v2\/types\/page"}],"author":[{"embeddable":true,"href":"https:\/\/www.vielfalt.biz\/index.php\/wp-json\/wp\/v2\/users\/2"}],"replies":[{"embeddable":true,"href":"https:\/\/www.vielfalt.biz\/index.php\/wp-json\/wp\/v2\/comments?post=120"}],"version-history":[{"count":0,"href":"https:\/\/www.vielfalt.biz\/index.php\/wp-json\/wp\/v2\/pages\/120\/revisions"}],"wp:attachment":[{"href":"https:\/\/www.vielfalt.biz\/index.php\/wp-json\/wp\/v2\/media?parent=120"}],"curies":[{"name":"wp","href":"https:\/\/api.w.org\/{rel}","templated":true}]}}