{"id":106,"date":"2018-10-16T13:52:49","date_gmt":"2018-10-16T11:52:49","guid":{"rendered":"http:\/\/www.vielfalt.biz\/?page_id=106"},"modified":"2018-10-16T13:52:49","modified_gmt":"2018-10-16T11:52:49","slug":"veroeffentlichungen","status":"publish","type":"page","link":"https:\/\/www.vielfalt.biz\/index.php\/veroeffentlichungen\/","title":{"rendered":"Ver\u00f6ffentlichungen"},"content":{"rendered":"<p class=\"ce_headline\" style=\"text-align: center;\"><strong>Kurs f\u00fcr Bassblockfl\u00f6ten<br \/>\n&amp;<\/strong><br \/>\n<strong>Projektf\u00f6rderung freiberuflicher Musiklehrerinnen und Musiklehrer<\/strong><br \/>\nEuropean Recorder Teacher\u00b4s Association, Bote 2\/2018<\/p>\n<p style=\"text-align: center;\"><strong>Pastorale<br \/>\n<\/strong>\u00a0 \u00a0A musical composition by Christina Degens-Kupp in an arrangement by Ellen Svoboda, Eigenverlag, 2018<\/p>\n<div class=\"ce_text block\">\n<p style=\"text-align: center;\"><strong>Unser Blockfl\u00f6tenparadies \u2013 ma\u00dfgeschneidert<\/strong><br \/>\nWindkanal Ausgabe 2\u20132011<br \/>\n<em>Einfach auf <a href=\"http:\/\/www.windkanal.de\/\" target=\"_blank\" rel=\"noopener noreferrer\">www.windkanal.de<\/a>\u00a0registrieren lassen und kostenlos online lesen.<\/em><\/p>\n<p style=\"text-align: center;\"><strong>Ein Tenor f\u00fcr alle<\/strong><br \/>\nmusikschuleintern, Ausgabe 5 vom Juni 2010, Das Fachmagazin<\/p>\n<p style=\"text-align: center;\"><strong>When I\u00b4m Sixty-Four<\/strong><br \/>\nEnsemblemusizieren mit \u00e4lteren Erwachsenen musikschuleintern Ausgabe 1 vom Okt. 2009<br \/>\nDas Fachmagazin f\u00fcr Musikschulleiter und Musiklehrer<\/p>\n<p style=\"text-align: center;\"><strong>\u00a0Das Einmaleins des Ensemblespiels<br \/>\n<\/strong>\u00a0 \u00a0Workshop Bericht in TIBIA &#8211; Heft 1\/2007<\/p>\n<p style=\"text-align: center;\"><strong>Duo Vigoroso<br \/>\n<\/strong>\u00a0 CD-Rezension in Fl\u00f6te aktuell &#8211; Heft 1\/2007<\/p>\n<p style=\"text-align: center;\"><strong>Experimentierfreude zwischen Piccolo und Ba\u00dffl\u00f6te<\/strong><br \/>\nM-Musik zum Lesen, Ausgabe 06\/03<\/p>\n<p style=\"text-align: center;\"><strong>Selbstmarketing f\u00fcr Musikp\u00e4dagogen\u00a0<\/strong><strong><br \/>\n<\/strong>\u00a0 \u00a0Windkanal Ausgabe 2004-1<\/p>\n<p style=\"text-align: center;\"><strong>B\u00fchnenauftritt leicht gemacht<\/strong><br \/>\nClarino Bl\u00e4sermusik, November 2002, Neuver\u00f6ffentlichung 2012<\/p>\n<p style=\"text-align: center;\"><strong>von planung bis nachbereitung &#8211; der weg zum professionellen b\u00fchnenauftritt<br \/>\n<\/strong>\u00a0 \u00a0Clarino.print Ausgabe 4\/2004<\/p>\n<p style=\"text-align: center;\"><strong>Wissen in welche Richtung man segeln will<\/strong><br \/>\nWie Musiker nachhaltig von Networking profitieren. &#8211; Artikel erschienen in der Ausgabe 2003\/05 &#8222;neue musikzeitung&#8220;<\/p>\n<p style=\"text-align: center;\"><strong>verQuer flutes unlimited ..<\/strong><br \/>\nFl\u00f6te aktuell 04\/2003<\/p>\n<p style=\"text-align: center;\"><strong>Kl\u00fcngeln verleiht Fl\u00fcgel<\/strong><br \/>\nFl\u00f6te aktuell 2\/2002<\/p>\n<p style=\"text-align: center;\"><strong>Zur Problematik des Jazz im Querfl\u00f6tenunterricht<\/strong> 1992<br \/>\nDie Examensarbeit wurde in den Medienbestand des <a href=\"https:\/\/www.jazzinstitut.de\/?lang=de\" target=\"_blank\" rel=\"noopener noreferrer\">Jazzinstituts Darmstadt<\/a> aufgenommen.<\/p>\n<\/div>\n","protected":false},"excerpt":{"rendered":"<p>Kurs f\u00fcr Bassblockfl\u00f6ten &amp; Projektf\u00f6rderung freiberuflicher Musiklehrerinnen und Musiklehrer European Recorder Teacher\u00b4s Association, Bote 2\/2018 Pastorale \u00a0 \u00a0A musical composition by Christina Degens-Kupp in an arrangement by Ellen Svoboda, Eigenverlag, 2018 Unser Blockfl\u00f6tenparadies \u2013 ma\u00dfgeschneidert Windkanal Ausgabe 2\u20132011 Einfach auf www.windkanal.de\u00a0registrieren lassen und kostenlos online lesen. Ein Tenor f\u00fcr alle musikschuleintern, Ausgabe 5 vom Juni [&hellip;]<\/p>\n","protected":false},"author":2,"featured_media":0,"parent":0,"menu_order":0,"comment_status":"closed","ping_status":"closed","template":"","meta":{"footnotes":""},"class_list":["post-106","page","type-page","status-publish","hentry"],"_links":{"self":[{"href":"https:\/\/www.vielfalt.biz\/index.php\/wp-json\/wp\/v2\/pages\/106","targetHints":{"allow":["GET"]}}],"collection":[{"href":"https:\/\/www.vielfalt.biz\/index.php\/wp-json\/wp\/v2\/pages"}],"about":[{"href":"https:\/\/www.vielfalt.biz\/index.php\/wp-json\/wp\/v2\/types\/page"}],"author":[{"embeddable":true,"href":"https:\/\/www.vielfalt.biz\/index.php\/wp-json\/wp\/v2\/users\/2"}],"replies":[{"embeddable":true,"href":"https:\/\/www.vielfalt.biz\/index.php\/wp-json\/wp\/v2\/comments?post=106"}],"version-history":[{"count":0,"href":"https:\/\/www.vielfalt.biz\/index.php\/wp-json\/wp\/v2\/pages\/106\/revisions"}],"wp:attachment":[{"href":"https:\/\/www.vielfalt.biz\/index.php\/wp-json\/wp\/v2\/media?parent=106"}],"curies":[{"name":"wp","href":"https:\/\/api.w.org\/{rel}","templated":true}]}}