{"id":101,"date":"2018-10-16T13:52:18","date_gmt":"2018-10-16T11:52:18","guid":{"rendered":"http:\/\/www.vielfalt.biz\/?page_id=101"},"modified":"2018-10-16T13:52:18","modified_gmt":"2018-10-16T11:52:18","slug":"schuelerstimmen","status":"publish","type":"page","link":"https:\/\/www.vielfalt.biz\/index.php\/schuelerstimmen\/","title":{"rendered":"Sch\u00fclerstimmen"},"content":{"rendered":"<p><strong>Ergebnisse meiner Kundenumfrage aus dem Winter<\/strong><\/p>\n<p>Was mir am Musikstudio Vielfalt gut gef\u00e4llt:<\/p>\n<ul>\n<li>Gute Auswahl der Musikst\u00fccke unter Ber\u00fccksichtigung der Anf\u00e4nger<br \/>\n<em>(k\u00fcrzlich eingestiegene erwachsene Ensemblespielerin mit begleitendem Einzelunterricht)<\/em><\/li>\n<li>Guter pers\u00f6nlicher Kontakt, Eingehen auf individuelles Lerntempo, lockere und entspannte Atmosph\u00e4re\u00a0<em>(fortgeschrittene Fl\u00f6tistin Anfang 20, ihre kleine Schwester lernt ebenfalls hier)<\/em><\/li>\n<li>Der Unterricht ist kompetent und flexibel<br \/>\n<em>(Mutter einer elfj\u00e4hrigen Sch\u00fclerin, Vorbereitung der Pflichtvorspiele am musischen Gymnasium)<\/em><\/li>\n<li>Die Regelung der Unterrichtszeiten, der kompetente Unterricht, auf W\u00fcnsche wird immer gut eingegangen, sehr gro\u00dfe Notenvielfalt<br \/>\n<em>(fortgeschrittene Fl\u00f6tistin Anfang 20, unterrichtet selbst)<\/em><\/li>\n<li>Auf die Person des Sch\u00fclers abgestimmter Unterricht, eingehen auf interpretatorische Feinheiten, keine einseitigen technischen Schulungen<br \/>\n<em>(fortgeschrittene Fl\u00f6tistin mit Lebenserfahrung)<\/em><\/li>\n<li>Guter und abwechslungsreicher Unterricht, Konzentration und Anteilnahme der Lehrerin (h\u00f6rt und sieht alles), Auswahl der Musikst\u00fccke, Musikvermittlung, Informationen rund um die Musik und um die Querfl\u00f6te, Notizen zur \u00dcbungsstunde in einem eigenen Heft als Hilfe f\u00fcr daheim und zum Nachlesen<br \/>\n<em>(erwachsener Anf\u00e4nger mit einem Jahr Praxis)<\/em><\/li>\n<li>Das anhaltend motivierende \u00dcben<br \/>\n<em>(Vater einer achtj\u00e4hrigen Sch\u00fclerin, selbst professioneller Musiker)<\/em><\/li>\n<li>Dass ich als Gast in Ensembles mitspielen kann, die Vielseitigkeit der Noten<br \/>\n<em>(versierte, berufst\u00e4tige Ensemblespielerin in Wechselschicht)<\/em><\/li>\n<li>Die gro\u00dfe Auswahl an verschiedenen Fl\u00f6ten und St\u00fccken, die gute Vorbereitung, die straffe Gestaltung der Proben, die St\u00fccke werden nicht \u201eruntergespielt\u201c, sondern wir arbeiten daran und lernen dabei, viel Freude beim Ausprobieren hoher und tiefer Besetzungen, die Herausforderung des Spiels in verschiedenen Notenschl\u00fcsseln, die Gelegenheit im Ensemble achtstimmig zu spielen, die Gemeinschaft in den Fl\u00f6tengruppen<br \/>\n<em>(fortgeschrittene Ensemblespielerin mit gro\u00dfer Lebenserfahrung)<\/em><\/li>\n<li>Alles ist gut so\u00a0<em>(neunj\u00e4hrige Sch\u00fclerin)<\/em><\/li>\n<li>Alles soll so bleiben<em>\u00a0(elfj\u00e4hrige Sch\u00fclerin)<\/em><\/li>\n<\/ul>\n","protected":false},"excerpt":{"rendered":"<p>Ergebnisse meiner Kundenumfrage aus dem Winter Was mir am Musikstudio Vielfalt gut gef\u00e4llt: Gute Auswahl der Musikst\u00fccke unter Ber\u00fccksichtigung der Anf\u00e4nger (k\u00fcrzlich eingestiegene erwachsene Ensemblespielerin mit begleitendem Einzelunterricht) Guter pers\u00f6nlicher Kontakt, Eingehen auf individuelles Lerntempo, lockere und entspannte Atmosph\u00e4re\u00a0(fortgeschrittene Fl\u00f6tistin Anfang 20, ihre kleine Schwester lernt ebenfalls hier) Der Unterricht ist kompetent und flexibel (Mutter [&hellip;]<\/p>\n","protected":false},"author":2,"featured_media":0,"parent":0,"menu_order":0,"comment_status":"closed","ping_status":"closed","template":"","meta":{"footnotes":""},"class_list":["post-101","page","type-page","status-publish","hentry"],"_links":{"self":[{"href":"https:\/\/www.vielfalt.biz\/index.php\/wp-json\/wp\/v2\/pages\/101","targetHints":{"allow":["GET"]}}],"collection":[{"href":"https:\/\/www.vielfalt.biz\/index.php\/wp-json\/wp\/v2\/pages"}],"about":[{"href":"https:\/\/www.vielfalt.biz\/index.php\/wp-json\/wp\/v2\/types\/page"}],"author":[{"embeddable":true,"href":"https:\/\/www.vielfalt.biz\/index.php\/wp-json\/wp\/v2\/users\/2"}],"replies":[{"embeddable":true,"href":"https:\/\/www.vielfalt.biz\/index.php\/wp-json\/wp\/v2\/comments?post=101"}],"version-history":[{"count":0,"href":"https:\/\/www.vielfalt.biz\/index.php\/wp-json\/wp\/v2\/pages\/101\/revisions"}],"wp:attachment":[{"href":"https:\/\/www.vielfalt.biz\/index.php\/wp-json\/wp\/v2\/media?parent=101"}],"curies":[{"name":"wp","href":"https:\/\/api.w.org\/{rel}","templated":true}]}}